{"id":667,"date":"2026-03-12T17:03:36","date_gmt":"2026-03-12T20:03:36","guid":{"rendered":"https:\/\/estanciacandelaria.com\/?page_id=667"},"modified":"2026-03-17T12:36:30","modified_gmt":"2026-03-17T15:36:30","slug":"servicos-adicionais","status":"publish","type":"page","link":"https:\/\/estanciacandelaria.com\/pt\/serviciosadicionales\/","title":{"rendered":"Servi\u00e7os adicionais"},"content":{"rendered":"<div data-elementor-type=\"wp-page\" data-elementor-id=\"667\" class=\"elementor elementor-667\" data-elementor-post-type=\"page\">\n\t\t\t\t<div class=\"elementor-element elementor-element-4a86cb35 e-con-full e-flex e-con e-parent\" data-id=\"4a86cb35\" data-element_type=\"container\" data-e-type=\"container\" data-settings=\"{&quot;background_background&quot;:&quot;classic&quot;}\">\n\t\t\t\t<div class=\"elementor-element elementor-element-79bc3b21 elementor-invisible elementor-widget elementor-widget-heading\" data-id=\"79bc3b21\" data-element_type=\"widget\" data-e-type=\"widget\" data-settings=\"{&quot;_animation&quot;:&quot;fadeIn&quot;,&quot;_animation_delay&quot;:1}\" data-widget_type=\"heading.default\">\n\t\t\t\t\t<h2 class=\"elementor-heading-title elementor-size-default\">para aproveitar ainda mais<\/h2>\t\t\t\t<\/div>\n\t\t\t\t<div class=\"elementor-element elementor-element-35d9cc80 animated-slow elementor-invisible elementor-widget elementor-widget-heading\" data-id=\"35d9cc80\" data-element_type=\"widget\" data-e-type=\"widget\" data-settings=\"{&quot;_animation&quot;:&quot;fadeIn&quot;,&quot;_animation_delay&quot;:1}\" data-widget_type=\"heading.default\">\n\t\t\t\t\t<h2 class=\"elementor-heading-title elementor-size-default\">Servi\u00e7os Adicionais<\/h2>\t\t\t\t<\/div>\n\t\t\t\t<\/div>\n\t\t<div class=\"elementor-element elementor-element-ef6124f e-flex e-con-boxed e-con e-parent\" data-id=\"ef6124f\" data-element_type=\"container\" data-e-type=\"container\">\n\t\t\t\t\t<div class=\"e-con-inner\">\n\t\t\t\t<div class=\"elementor-element elementor-element-52b93d0e elementor-widget elementor-widget-text-editor\" data-id=\"52b93d0e\" data-element_type=\"widget\" data-e-type=\"widget\" data-widget_type=\"text-editor.default\">\n\t\t\t\t\t\t\t\t\t<p><i style=\"font-family: 'Open Sans', sans-serif; font-size: 15px; text-align: center;\">Deslize para ver todos os servi\u00e7os ou pressione na se\u00e7\u00e3o que deseja consultar<br \/><\/i><\/p>\t\t\t\t\t\t\t\t<\/div>\n\t\t\t\t<div class=\"elementor-element elementor-element-8193e19 elementor-widget elementor-widget-text-editor\" data-id=\"8193e19\" data-element_type=\"widget\" data-e-type=\"widget\" data-widget_type=\"text-editor.default\">\n\t\t\t\t\t\t\t\t\t<p><a href=\"#wellness\">Bem-estar<\/a> | <a href=\"#otrosservicios\">Outros servi\u00e7os<\/a> | <a href=\"#diadecampo\">dia de campo<\/a><\/p>\t\t\t\t\t\t\t\t<\/div>\n\t\t\t\t\t<\/div>\n\t\t\t\t<\/div>\n\t\t<div class=\"elementor-element elementor-element-42a45536 e-flex e-con-boxed e-con e-parent\" data-id=\"42a45536\" data-element_type=\"container\" data-e-type=\"container\" id=\"wellness\" data-settings=\"{&quot;background_background&quot;:&quot;classic&quot;}\">\n\t\t\t\t\t<div class=\"e-con-inner\">\n\t\t\t\t<div class=\"elementor-element elementor-element-633df268 elementor-invisible elementor-widget elementor-widget-heading\" data-id=\"633df268\" data-element_type=\"widget\" data-e-type=\"widget\" data-settings=\"{&quot;_animation&quot;:&quot;fadeIn&quot;}\" data-widget_type=\"heading.default\">\n\t\t\t\t\t<h2 class=\"elementor-heading-title elementor-size-default\">Bem-estar e Spa<\/h2>\t\t\t\t<\/div>\n\t\t<div class=\"elementor-element elementor-element-22f2867f e-con-full animated-slow e-flex elementor-invisible e-con e-child\" data-id=\"22f2867f\" data-element_type=\"container\" data-e-type=\"container\" data-settings=\"{&quot;animation&quot;:&quot;fadeInUp&quot;}\">\n\t\t<div class=\"elementor-element elementor-element-2059761 e-con-full e-flex e-con e-child\" data-id=\"2059761\" data-element_type=\"container\" data-e-type=\"container\">\n\t\t\t\t<div class=\"elementor-element elementor-element-5b855be elementor-widget elementor-widget-text-editor\" data-id=\"5b855be\" data-element_type=\"widget\" data-e-type=\"widget\" data-widget_type=\"text-editor.default\">\n\t\t\t\t\t\t\t\t\t<ul><li><strong>Massagem Relaxante | $44.000<\/strong><\/li><li><strong>Massagem Descontracturante | $44.000<\/strong><\/li><li><strong>Massagem com Pindas | $55.000<\/strong><\/li><\/ul>\t\t\t\t\t\t\t\t<\/div>\n\t\t\t\t<\/div>\n\t\t<div class=\"elementor-element elementor-element-e6315d2 e-con-full e-flex e-con e-child\" data-id=\"e6315d2\" data-element_type=\"container\" data-e-type=\"container\">\n\t\t\t\t<div class=\"elementor-element elementor-element-cef6a25 elementor-widget elementor-widget-text-editor\" data-id=\"cef6a25\" data-element_type=\"widget\" data-e-type=\"widget\" data-widget_type=\"text-editor.default\">\n\t\t\t\t\t\t\t\t\t<ul><li><strong>Massagem com pedras quentes | $55.000<\/strong><\/li><li><strong>Reiki | $55.000<\/strong><\/li><li><strong>Limpeza de pele | $55.000<\/strong><\/li><\/ul>\t\t\t\t\t\t\t\t<\/div>\n\t\t\t\t<\/div>\n\t\t\t\t<\/div>\n\t\t\t\t\t<\/div>\n\t\t\t\t<\/div>\n\t\t<div class=\"elementor-element elementor-element-2684b7c e-flex e-con-boxed e-con e-parent\" data-id=\"2684b7c\" data-element_type=\"container\" data-e-type=\"container\">\n\t\t\t\t\t<div class=\"e-con-inner\">\n\t\t\t\t\t<\/div>\n\t\t\t\t<\/div>\n\t\t<div class=\"elementor-element elementor-element-9b1aa15 e-flex e-con-boxed e-con e-parent\" data-id=\"9b1aa15\" data-element_type=\"container\" data-e-type=\"container\" id=\"otrosservicios\" data-settings=\"{&quot;background_background&quot;:&quot;classic&quot;}\">\n\t\t\t\t\t<div class=\"e-con-inner\">\n\t\t\t\t<div class=\"elementor-element elementor-element-4ea4873 elementor-invisible elementor-widget elementor-widget-heading\" data-id=\"4ea4873\" data-element_type=\"widget\" data-e-type=\"widget\" data-settings=\"{&quot;_animation&quot;:&quot;fadeIn&quot;}\" data-widget_type=\"heading.default\">\n\t\t\t\t\t<h2 class=\"elementor-heading-title elementor-size-default\">Servi\u00e7os adicionais<\/h2>\t\t\t\t<\/div>\n\t\t<div class=\"elementor-element elementor-element-631e375 e-con-full animated-slow e-flex elementor-invisible e-con e-child\" data-id=\"631e375\" data-element_type=\"container\" data-e-type=\"container\" data-settings=\"{&quot;animation&quot;:&quot;fadeInUp&quot;}\">\n\t\t<div class=\"elementor-element elementor-element-e4b5bfd e-con-full e-flex e-con e-child\" data-id=\"e4b5bfd\" data-element_type=\"container\" data-e-type=\"container\">\n\t\t\t\t<div class=\"elementor-element elementor-element-e21b9cb elementor-widget elementor-widget-text-editor\" data-id=\"e21b9cb\" data-element_type=\"widget\" data-e-type=\"widget\" data-widget_type=\"text-editor.default\">\n\t\t\t\t\t\t\t\t\t<ul><li><strong>Canasta Picnic | $70.000<br \/><\/strong>Servi\u00e7o para 2 pessoas. Cesta com variados doces caseiros, uma garrafa de espumante, infus\u00f5es quentes, suco natural de laranja espremido. Consulte sobre servi\u00e7o para 3 pessoas.<strong><br \/><\/strong><\/li><\/ul>\t\t\t\t\t\t\t\t<\/div>\n\t\t\t\t<\/div>\n\t\t<div class=\"elementor-element elementor-element-e2d199c e-con-full e-flex e-con e-child\" data-id=\"e2d199c\" data-element_type=\"container\" data-e-type=\"container\">\n\t\t\t\t<div class=\"elementor-element elementor-element-a48ea54 elementor-widget elementor-widget-text-editor\" data-id=\"a48ea54\" data-element_type=\"widget\" data-e-type=\"widget\" data-widget_type=\"text-editor.default\">\n\t\t\t\t\t\t\t\t\t<ul><li><strong>Aula de Yoga | $75.000<br \/><\/strong>Taxa por pessoa.<\/li><li><strong>Aula de Yoga | $75.000<br \/><\/strong>A partir de duas pessoas (at\u00e9 6 pessoas por aula particular). Pre\u00e7o por pessoa.<\/li><li><strong>Aula de Medita\u00e7\u00e3o | $75.000<br \/><\/strong>Taxa por pessoa.<strong><br \/><\/strong><\/li><li><strong>Aula de Medita\u00e7\u00e3o | $75.000<br \/><\/strong>A partir de duas pessoas (at\u00e9 6 pessoas por aula particular). Pre\u00e7o por pessoa.<strong><br \/><\/strong><\/li><\/ul>\t\t\t\t\t\t\t\t<\/div>\n\t\t\t\t<\/div>\n\t\t<div class=\"elementor-element elementor-element-06500f9 e-con-full e-flex e-con e-child\" data-id=\"06500f9\" data-element_type=\"container\" data-e-type=\"container\">\n\t\t\t\t<div class=\"elementor-element elementor-element-35cce26 elementor-widget elementor-widget-text-editor\" data-id=\"35cce26\" data-element_type=\"widget\" data-e-type=\"widget\" data-widget_type=\"text-editor.default\">\n\t\t\t\t\t\t\t\t\t<ul><li><strong>Bab\u00e1 | $30.000<br \/><\/strong>Servi\u00e7o por hora, com um m\u00ednimo de contrata\u00e7\u00e3o de 3 horas.<\/li><li><strong>Pacote Celebra\u00e7\u00e3o | $85.000<br \/><\/strong>Buqu\u00ea de flores, uma garrafa de espumante e bombons.<strong><br \/><\/strong><\/li><\/ul>\t\t\t\t\t\t\t\t<\/div>\n\t\t\t\t<\/div>\n\t\t\t\t<\/div>\n\t\t\t\t\t<\/div>\n\t\t\t\t<\/div>\n\t\t<div class=\"elementor-element elementor-element-53e7d3b e-flex e-con-boxed e-con e-parent\" data-id=\"53e7d3b\" data-element_type=\"container\" data-e-type=\"container\">\n\t\t\t\t\t<div class=\"e-con-inner\">\n\t\t\t\t\t<\/div>\n\t\t\t\t<\/div>\n\t\t<div class=\"elementor-element elementor-element-6baeb01 e-flex e-con-boxed e-con e-parent\" data-id=\"6baeb01\" data-element_type=\"container\" data-e-type=\"container\" id=\"diadecampo\" data-settings=\"{&quot;background_background&quot;:&quot;classic&quot;}\">\n\t\t\t\t\t<div class=\"e-con-inner\">\n\t\t\t\t<div class=\"elementor-element elementor-element-e8256b2 elementor-invisible elementor-widget elementor-widget-heading\" data-id=\"e8256b2\" data-element_type=\"widget\" data-e-type=\"widget\" data-settings=\"{&quot;_animation&quot;:&quot;fadeIn&quot;}\" data-widget_type=\"heading.default\">\n\t\t\t\t\t<h2 class=\"elementor-heading-title elementor-size-default\">Dia de campo<\/h2>\t\t\t\t<\/div>\n\t\t\t\t<div class=\"elementor-element elementor-element-05d029e elementor-widget elementor-widget-text-editor\" data-id=\"05d029e\" data-element_type=\"widget\" data-e-type=\"widget\" data-widget_type=\"text-editor.default\">\n\t\t\t\t\t\t\t\t\t<p><i style=\"font-family: 'Open Sans', sans-serif; font-size: 15px; text-align: center;\">Servi\u00e7os inclu\u00eddos para h\u00f3spedes<\/i><\/p>\t\t\t\t\t\t\t\t<\/div>\n\t\t<div class=\"elementor-element elementor-element-2572f84 e-con-full animated-slow e-flex elementor-invisible e-con e-child\" data-id=\"2572f84\" data-element_type=\"container\" data-e-type=\"container\" data-settings=\"{&quot;animation&quot;:&quot;fadeInUp&quot;}\">\n\t\t<div class=\"elementor-element elementor-element-c78f9a9 e-con-full e-flex e-con e-child\" data-id=\"c78f9a9\" data-element_type=\"container\" data-e-type=\"container\">\n\t\t\t\t<div class=\"elementor-element elementor-element-35c9273 elementor-widget elementor-widget-text-editor\" data-id=\"35c9273\" data-element_type=\"widget\" data-e-type=\"widget\" data-widget_type=\"text-editor.default\">\n\t\t\t\t\t\t\t\t\t<ul><li><strong>Cavalgada para Dia de Campo | $30.000<br \/><\/strong>Tarifa por pessoa, dura\u00e7\u00e3o 30 min. (Servi\u00e7o incluso para h\u00f3spedes). S\u00e1bado e Domingo.<strong><br \/><\/strong><\/li><\/ul>\t\t\t\t\t\t\t\t<\/div>\n\t\t\t\t<\/div>\n\t\t\t\t<\/div>\n\t\t\t\t\t<\/div>\n\t\t\t\t<\/div>\n\t\t\t\t<\/div>","protected":false},"excerpt":{"rendered":"<p>para disfrutar a\u00fan m\u00e1s Servicios Adicionales Desliz\u00e1 para ver todos los servicios o presion\u00e1 sobre la secci\u00f3n que quieras consultar Wellness | Otros servicios | d\u00eda de campo Wellness y Spa Masaje Relajante | $44.000 Masaje Descontracturante | $44.000 Masaje con Pindas | $55.000 Masaje con piedras calientes | $55.000 Reiki | $55.000 Limpieza facial [&hellip;]<\/p>\n","protected":false},"author":1,"featured_media":0,"parent":0,"menu_order":0,"comment_status":"closed","ping_status":"closed","template":"","meta":{"footnotes":""},"class_list":["post-667","page","type-page","status-publish","hentry"],"_links":{"self":[{"href":"https:\/\/estanciacandelaria.com\/pt\/wp-json\/wp\/v2\/pages\/667","targetHints":{"allow":["GET"]}}],"collection":[{"href":"https:\/\/estanciacandelaria.com\/pt\/wp-json\/wp\/v2\/pages"}],"about":[{"href":"https:\/\/estanciacandelaria.com\/pt\/wp-json\/wp\/v2\/types\/page"}],"author":[{"embeddable":true,"href":"https:\/\/estanciacandelaria.com\/pt\/wp-json\/wp\/v2\/users\/1"}],"replies":[{"embeddable":true,"href":"https:\/\/estanciacandelaria.com\/pt\/wp-json\/wp\/v2\/comments?post=667"}],"version-history":[{"count":7,"href":"https:\/\/estanciacandelaria.com\/pt\/wp-json\/wp\/v2\/pages\/667\/revisions"}],"predecessor-version":[{"id":817,"href":"https:\/\/estanciacandelaria.com\/pt\/wp-json\/wp\/v2\/pages\/667\/revisions\/817"}],"wp:attachment":[{"href":"https:\/\/estanciacandelaria.com\/pt\/wp-json\/wp\/v2\/media?parent=667"}],"curies":[{"name":"wp","href":"https:\/\/api.w.org\/{rel}","templated":true}]}}