{"id":498,"date":"2026-03-04T15:37:25","date_gmt":"2026-03-04T18:37:25","guid":{"rendered":"https:\/\/estanciacandelaria.com\/?page_id=498"},"modified":"2026-03-17T10:53:34","modified_gmt":"2026-03-17T13:53:34","slug":"restaurantes","status":"publish","type":"page","link":"https:\/\/estanciacandelaria.com\/pt\/restaurantes\/","title":{"rendered":"Restaurantes"},"content":{"rendered":"<div data-elementor-type=\"wp-page\" data-elementor-id=\"498\" class=\"elementor elementor-498\" data-elementor-post-type=\"page\">\n\t\t\t\t<div class=\"elementor-element elementor-element-6687b70 e-flex e-con-boxed e-con e-parent\" data-id=\"6687b70\" data-element_type=\"container\" data-e-type=\"container\" data-settings=\"{&quot;background_background&quot;:&quot;classic&quot;}\">\n\t\t\t\t\t<div class=\"e-con-inner\">\n\t\t\t\t<div class=\"elementor-element elementor-element-7976e326 elementor-invisible elementor-widget elementor-widget-heading\" data-id=\"7976e326\" data-element_type=\"widget\" data-e-type=\"widget\" data-settings=\"{&quot;_animation&quot;:&quot;fadeIn&quot;,&quot;_animation_delay&quot;:1}\" data-widget_type=\"heading.default\">\n\t\t\t\t\t<h2 class=\"elementor-heading-title elementor-size-default\">RESTAURANTES BY EST\u00c2NCIA LA CANDELARIA<\/h2>\t\t\t\t<\/div>\n\t\t\t\t<div class=\"elementor-element elementor-element-580054f6 animated-slow elementor-invisible elementor-widget elementor-widget-heading\" data-id=\"580054f6\" data-element_type=\"widget\" data-e-type=\"widget\" data-settings=\"{&quot;_animation&quot;:&quot;fadeIn&quot;,&quot;_animation_delay&quot;:1}\" data-widget_type=\"heading.default\">\n\t\t\t\t\t<h2 class=\"elementor-heading-title elementor-size-default\">Duas op\u00e7\u00f5es para desfrutar e se surpreender<\/h2>\t\t\t\t<\/div>\n\t\t\t\t\t<\/div>\n\t\t\t\t<\/div>\n\t\t<div class=\"elementor-element elementor-element-c93e469 e-flex e-con-boxed e-con e-parent\" data-id=\"c93e469\" data-element_type=\"container\" data-e-type=\"container\" id=\"clasicas\">\n\t\t\t\t\t<div class=\"e-con-inner\">\n\t\t<div class=\"elementor-element elementor-element-eb65812 e-con-full animated-slow e-flex elementor-invisible e-con e-child\" data-id=\"eb65812\" data-element_type=\"container\" data-e-type=\"container\" data-settings=\"{&quot;animation&quot;:&quot;fadeInLeft&quot;}\">\n\t\t\t\t<div class=\"elementor-element elementor-element-50c6fd3 elementor-invisible elementor-widget elementor-widget-heading\" data-id=\"50c6fd3\" data-element_type=\"widget\" data-e-type=\"widget\" data-settings=\"{&quot;_animation&quot;:&quot;fadeIn&quot;,&quot;_animation_delay&quot;:1}\" data-widget_type=\"heading.default\">\n\t\t\t\t\t<h3 class=\"elementor-heading-title elementor-size-default\">5\u00ba CHUKKER<\/h3>\t\t\t\t<\/div>\n\t\t\t\t<div class=\"elementor-element elementor-element-449dff88 elementor-widget elementor-widget-heading\" data-id=\"449dff88\" data-element_type=\"widget\" data-e-type=\"widget\" data-widget_type=\"heading.default\">\n\t\t\t\t\t<h2 class=\"elementor-heading-title elementor-size-default\">\u00d3tima comida, \u00f3timo ambiente, \u00f3tima escolha<\/h2>\t\t\t\t<\/div>\n\t\t\t\t<div class=\"elementor-element elementor-element-65f2e850 elementor-widget elementor-widget-text-editor\" data-id=\"65f2e850\" data-element_type=\"widget\" data-e-type=\"widget\" data-widget_type=\"text-editor.default\">\n\t\t\t\t\t\t\t\t\t<p>Nosso restaurante, com esp\u00edrito de campo argentino e est\u00e9tica polo-chic, oferece um card\u00e1pio variado com sabores tradicionais e produtos da esta\u00e7\u00e3o. Pratos fartos, op\u00e7\u00f5es vegetarianas, para cel\u00edacos e doces de lenda.<\/p><p>O card\u00e1pio se renova a cada esta\u00e7\u00e3o, fazendo com que cada visita seja um pretexto para se surpreender novamente.<\/p>\t\t\t\t\t\t\t\t<\/div>\n\t\t\t\t<\/div>\n\t\t<div class=\"elementor-element elementor-element-6a7f9160 e-con-full e-flex elementor-invisible e-con e-child\" data-id=\"6a7f9160\" data-element_type=\"container\" data-e-type=\"container\" data-settings=\"{&quot;animation&quot;:&quot;fadeInRight&quot;}\">\n\t\t\t\t<div class=\"elementor-element elementor-element-1b6fe906 elementor-arrows-position-inside elementor-widget elementor-widget-image-carousel\" data-id=\"1b6fe906\" data-element_type=\"widget\" data-e-type=\"widget\" data-settings=\"{&quot;slides_to_show&quot;:&quot;1&quot;,&quot;navigation&quot;:&quot;arrows&quot;,&quot;autoplay&quot;:&quot;yes&quot;,&quot;pause_on_hover&quot;:&quot;yes&quot;,&quot;pause_on_interaction&quot;:&quot;yes&quot;,&quot;autoplay_speed&quot;:5000,&quot;infinite&quot;:&quot;yes&quot;,&quot;effect&quot;:&quot;slide&quot;,&quot;speed&quot;:500}\" data-widget_type=\"image-carousel.default\">\n\t\t\t\t\t\t\t<div class=\"elementor-image-carousel-wrapper swiper\" role=\"region\" aria-roledescription=\"carousel\" aria-label=\"Carrossel de imagens\" dir=\"ltr\">\n\t\t\t<div class=\"elementor-image-carousel swiper-wrapper swiper-image-stretch\" aria-live=\"off\">\n\t\t\t\t\t\t\t\t<div class=\"swiper-slide\" role=\"group\" aria-roledescription=\"slide\" aria-label=\"1 de 1\"><figure class=\"swiper-slide-inner\"><img decoding=\"async\" class=\"swiper-slide-image\" src=\"https:\/\/estanciacandelaria.com\/wp-content\/uploads\/2026\/03\/resto-chuckket.jpg\" alt=\"restaurante\" \/><\/figure><\/div>\t\t\t<\/div>\n\t\t\t\t\t<\/div>\n\t\t\t\t\t\t<\/div>\n\t\t\t\t<\/div>\n\t\t\t\t\t<\/div>\n\t\t\t\t<\/div>\n\t\t<div class=\"elementor-element elementor-element-56ce4483 e-flex e-con-boxed e-con e-parent\" data-id=\"56ce4483\" data-element_type=\"container\" data-e-type=\"container\">\n\t\t\t\t\t<div class=\"e-con-inner\">\n\t\t\t\t<div class=\"elementor-element elementor-element-5a023362 gallery-spacing-custom elementor-widget elementor-widget-image-gallery\" data-id=\"5a023362\" data-element_type=\"widget\" data-e-type=\"widget\" data-widget_type=\"image-gallery.default\">\n\t\t\t\t\t\t\t<div class=\"elementor-image-gallery\">\n\t\t\t<div id='gallery-1' class='gallery galleryid-498 gallery-columns-3 gallery-size-full'><figure class='gallery-item'>\n\t\t\t<div class='gallery-icon landscape'>\n\t\t\t\t<img fetchpriority=\"high\" decoding=\"async\" width=\"600\" height=\"400\" src=\"https:\/\/estanciacandelaria.com\/wp-content\/uploads\/2026\/03\/ChukkerPlato3.jpg\" class=\"attachment-full size-full\" alt=\"\" srcset=\"https:\/\/estanciacandelaria.com\/wp-content\/uploads\/2026\/03\/ChukkerPlato3.jpg 600w, https:\/\/estanciacandelaria.com\/wp-content\/uploads\/2026\/03\/ChukkerPlato3-300x200.jpg 300w\" sizes=\"(max-width: 600px) 100vw, 600px\" \/>\n\t\t\t<\/div><\/figure><figure class='gallery-item'>\n\t\t\t<div class='gallery-icon landscape'>\n\t\t\t\t<img decoding=\"async\" width=\"600\" height=\"400\" src=\"https:\/\/estanciacandelaria.com\/wp-content\/uploads\/2026\/03\/Chukker-Plato-1.jpg\" class=\"attachment-full size-full\" alt=\"\" srcset=\"https:\/\/estanciacandelaria.com\/wp-content\/uploads\/2026\/03\/Chukker-Plato-1.jpg 600w, https:\/\/estanciacandelaria.com\/wp-content\/uploads\/2026\/03\/Chukker-Plato-1-300x200.jpg 300w\" sizes=\"(max-width: 600px) 100vw, 600px\" \/>\n\t\t\t<\/div><\/figure><figure class='gallery-item'>\n\t\t\t<div class='gallery-icon landscape'>\n\t\t\t\t<img decoding=\"async\" width=\"600\" height=\"400\" src=\"https:\/\/estanciacandelaria.com\/wp-content\/uploads\/2026\/03\/Chukker-Plato-2.jpg\" class=\"attachment-full size-full\" alt=\"\" srcset=\"https:\/\/estanciacandelaria.com\/wp-content\/uploads\/2026\/03\/Chukker-Plato-2.jpg 600w, https:\/\/estanciacandelaria.com\/wp-content\/uploads\/2026\/03\/Chukker-Plato-2-300x200.jpg 300w\" sizes=\"(max-width: 600px) 100vw, 600px\" \/>\n\t\t\t<\/div><\/figure>\n\t\t<\/div>\n\t\t<\/div>\n\t\t\t\t\t\t<\/div>\n\t\t\t\t\t<\/div>\n\t\t\t\t<\/div>\n\t\t<div class=\"elementor-element elementor-element-55b12ad2 e-flex e-con-boxed e-con e-parent\" data-id=\"55b12ad2\" data-element_type=\"container\" data-e-type=\"container\" id=\"bungalows\">\n\t\t\t\t\t<div class=\"e-con-inner\">\n\t\t<div class=\"elementor-element elementor-element-3296929f e-con-full animated-slow e-flex elementor-invisible e-con e-child\" data-id=\"3296929f\" data-element_type=\"container\" data-e-type=\"container\" data-settings=\"{&quot;animation&quot;:&quot;fadeInLeft&quot;}\">\n\t\t\t\t<div class=\"elementor-element elementor-element-f9c584a elementor-arrows-position-inside elementor-widget elementor-widget-image-carousel\" data-id=\"f9c584a\" data-element_type=\"widget\" data-e-type=\"widget\" data-settings=\"{&quot;slides_to_show&quot;:&quot;1&quot;,&quot;navigation&quot;:&quot;arrows&quot;,&quot;autoplay&quot;:&quot;yes&quot;,&quot;pause_on_hover&quot;:&quot;yes&quot;,&quot;pause_on_interaction&quot;:&quot;yes&quot;,&quot;autoplay_speed&quot;:5000,&quot;infinite&quot;:&quot;yes&quot;,&quot;effect&quot;:&quot;slide&quot;,&quot;speed&quot;:500}\" data-widget_type=\"image-carousel.default\">\n\t\t\t\t\t\t\t<div class=\"elementor-image-carousel-wrapper swiper\" role=\"region\" aria-roledescription=\"carousel\" aria-label=\"Carrossel de imagens\" dir=\"ltr\">\n\t\t\t<div class=\"elementor-image-carousel swiper-wrapper swiper-image-stretch\" aria-live=\"off\">\n\t\t\t\t\t\t\t\t<div class=\"swiper-slide\" role=\"group\" aria-roledescription=\"slide\" aria-label=\"1 de 1\"><figure class=\"swiper-slide-inner\"><img decoding=\"async\" class=\"swiper-slide-image\" src=\"https:\/\/estanciacandelaria.com\/wp-content\/uploads\/2026\/03\/la-caballeriza.jpg\" alt=\"a cocheira\" \/><\/figure><\/div>\t\t\t<\/div>\n\t\t\t\t\t<\/div>\n\t\t\t\t\t\t<\/div>\n\t\t\t\t<\/div>\n\t\t<div class=\"elementor-element elementor-element-1a64a771 e-con-full animated-slow e-flex elementor-invisible e-con e-child\" data-id=\"1a64a771\" data-element_type=\"container\" data-e-type=\"container\" data-settings=\"{&quot;animation&quot;:&quot;fadeInRight&quot;}\">\n\t\t\t\t<div class=\"elementor-element elementor-element-70f4eac elementor-invisible elementor-widget elementor-widget-heading\" data-id=\"70f4eac\" data-element_type=\"widget\" data-e-type=\"widget\" data-settings=\"{&quot;_animation&quot;:&quot;fadeIn&quot;,&quot;_animation_delay&quot;:1}\" data-widget_type=\"heading.default\">\n\t\t\t\t\t<h3 class=\"elementor-heading-title elementor-size-default\">LA CABALLERIZA BAR<\/h3>\t\t\t\t<\/div>\n\t\t\t\t<div class=\"elementor-element elementor-element-7873fdcb elementor-widget elementor-widget-heading\" data-id=\"7873fdcb\" data-element_type=\"widget\" data-e-type=\"widget\" data-widget_type=\"heading.default\">\n\t\t\t\t\t<h2 class=\"elementor-heading-title elementor-size-default\">Bebericos, picadas, m\u00fasica e boa companhia<\/h2>\t\t\t\t<\/div>\n\t\t\t\t<div class=\"elementor-element elementor-element-68828cc8 elementor-widget elementor-widget-text-editor\" data-id=\"68828cc8\" data-element_type=\"widget\" data-e-type=\"widget\" data-widget_type=\"text-editor.default\">\n\t\t\t\t\t\t\t\t\t<p>O lugar ideal para compartilhar com amigos. Um ambiente incr\u00edvel com diferentes espa\u00e7os projetados para se sentir confort\u00e1vel e relaxado.<\/p><p>Localizado na antiga cavalari\u00e7a da Est\u00e2ncia, conta com tr\u00eas espa\u00e7os. Um com poltronas estilo lounge, um com mesas estilo \"pulper\u00eda chic\" e o exterior com bancos, luzes de corda e uma fogueira que nunca se apaga.<span style=\"font-size: 16px;\"><br \/><\/span><\/p>\t\t\t\t\t\t\t\t<\/div>\n\t\t\t\t<\/div>\n\t\t\t\t\t<\/div>\n\t\t\t\t<\/div>\n\t\t<div class=\"elementor-element elementor-element-4709e806 e-flex e-con-boxed e-con e-parent\" data-id=\"4709e806\" data-element_type=\"container\" data-e-type=\"container\">\n\t\t\t\t\t<div class=\"e-con-inner\">\n\t\t\t\t<div class=\"elementor-element elementor-element-526d03 gallery-spacing-custom elementor-widget elementor-widget-image-gallery\" data-id=\"526d03\" data-element_type=\"widget\" data-e-type=\"widget\" data-widget_type=\"image-gallery.default\">\n\t\t\t\t\t\t\t<div class=\"elementor-image-gallery\">\n\t\t\t<div id='gallery-2' class='gallery galleryid-498 gallery-columns-3 gallery-size-full'><figure class='gallery-item'>\n\t\t\t<div class='gallery-icon landscape'>\n\t\t\t\t<img loading=\"lazy\" decoding=\"async\" width=\"1024\" height=\"700\" src=\"https:\/\/estanciacandelaria.com\/wp-content\/uploads\/2026\/03\/Trago.jpg\" class=\"attachment-full size-full\" alt=\"\" srcset=\"https:\/\/estanciacandelaria.com\/wp-content\/uploads\/2026\/03\/Trago.jpg 1024w, https:\/\/estanciacandelaria.com\/wp-content\/uploads\/2026\/03\/Trago-300x205.jpg 300w, https:\/\/estanciacandelaria.com\/wp-content\/uploads\/2026\/03\/Trago-768x525.jpg 768w\" sizes=\"(max-width: 1024px) 100vw, 1024px\" \/>\n\t\t\t<\/div><\/figure><figure class='gallery-item'>\n\t\t\t<div class='gallery-icon landscape'>\n\t\t\t\t<img loading=\"lazy\" decoding=\"async\" width=\"1024\" height=\"700\" src=\"https:\/\/estanciacandelaria.com\/wp-content\/uploads\/2026\/03\/Caballeriza-Tabla-Quesos.jpg\" class=\"attachment-full size-full\" alt=\"\" srcset=\"https:\/\/estanciacandelaria.com\/wp-content\/uploads\/2026\/03\/Caballeriza-Tabla-Quesos.jpg 1024w, https:\/\/estanciacandelaria.com\/wp-content\/uploads\/2026\/03\/Caballeriza-Tabla-Quesos-300x205.jpg 300w, https:\/\/estanciacandelaria.com\/wp-content\/uploads\/2026\/03\/Caballeriza-Tabla-Quesos-768x525.jpg 768w\" sizes=\"(max-width: 1024px) 100vw, 1024px\" \/>\n\t\t\t<\/div><\/figure><figure class='gallery-item'>\n\t\t\t<div class='gallery-icon landscape'>\n\t\t\t\t<img loading=\"lazy\" decoding=\"async\" width=\"1024\" height=\"700\" src=\"https:\/\/estanciacandelaria.com\/wp-content\/uploads\/2026\/03\/Caballeriza-Amigas.jpg\" class=\"attachment-full size-full\" alt=\"\" srcset=\"https:\/\/estanciacandelaria.com\/wp-content\/uploads\/2026\/03\/Caballeriza-Amigas.jpg 1024w, https:\/\/estanciacandelaria.com\/wp-content\/uploads\/2026\/03\/Caballeriza-Amigas-300x205.jpg 300w, https:\/\/estanciacandelaria.com\/wp-content\/uploads\/2026\/03\/Caballeriza-Amigas-768x525.jpg 768w\" sizes=\"(max-width: 1024px) 100vw, 1024px\" \/>\n\t\t\t<\/div><\/figure>\n\t\t<\/div>\n\t\t<\/div>\n\t\t\t\t\t\t<\/div>\n\t\t\t\t\t<\/div>\n\t\t\t\t<\/div>\n\t\t<div class=\"elementor-element elementor-element-4705cd75 e-flex e-con-boxed e-con e-parent\" data-id=\"4705cd75\" data-element_type=\"container\" data-e-type=\"container\">\n\t\t\t\t\t<div class=\"e-con-inner\">\n\t\t<div class=\"elementor-element elementor-element-60420490 e-con-full e-flex e-con e-child\" data-id=\"60420490\" data-element_type=\"container\" data-e-type=\"container\">\n\t\t\t\t<div class=\"elementor-element elementor-element-4199982 elementor-invisible elementor-widget elementor-widget-heading\" data-id=\"4199982\" data-element_type=\"widget\" data-e-type=\"widget\" data-settings=\"{&quot;_animation&quot;:&quot;fadeIn&quot;,&quot;_animation_delay&quot;:1}\" data-widget_type=\"heading.default\">\n\t\t\t\t\t<h3 class=\"elementor-heading-title elementor-size-default\">ONDE ESTAMOS<\/h3>\t\t\t\t<\/div>\n\t\t\t\t<div class=\"elementor-element elementor-element-7cf68da9 elementor-invisible elementor-widget elementor-widget-heading\" data-id=\"7cf68da9\" data-element_type=\"widget\" data-e-type=\"widget\" data-settings=\"{&quot;_animation&quot;:&quot;fadeIn&quot;}\" data-widget_type=\"heading.default\">\n\t\t\t\t\t<h3 class=\"elementor-heading-title elementor-size-default\">Cerca de voc\u00ea e longe de tudo<\/h3>\t\t\t\t<\/div>\n\t\t\t\t<div class=\"elementor-element elementor-element-2448353 elementor-widget elementor-widget-google_maps\" data-id=\"2448353\" data-element_type=\"widget\" data-e-type=\"widget\" data-widget_type=\"google_maps.default\">\n\t\t\t\t\t\t\t<div class=\"elementor-custom-embed\">\n\t\t\t<iframe loading=\"lazy\"\n\t\t\t\t\tsrc=\"https:\/\/maps.google.com\/maps?q=Ruta%20Nacional%20205%20Km114%2C5%2C%20B7240%20Lobos%2C%20Provincia%20de%20Buenos%20Aires&#038;t=m&#038;z=8&#038;output=embed&#038;iwloc=near\"\n\t\t\t\t\ttitle=\"Ruta Nacional 205 Km114,5, B7240 Lobos, Prov\u00edncia de Buenos Aires\"\n\t\t\t\t\taria-label=\"Ruta Nacional 205 Km114,5, B7240 Lobos, Prov\u00edncia de Buenos Aires\"\n\t\t\t><\/iframe>\n\t\t<\/div>\n\t\t\t\t\t\t<\/div>\n\t\t\t\t<\/div>\n\t\t\t\t\t<\/div>\n\t\t\t\t<\/div>\n\t\t\t\t<\/div>","protected":false},"excerpt":{"rendered":"<p>RESTAURANTES BY ESTANCIA LA CANDELARIA Dos opciones para disfrutar &amp; sorprenderse 5\u00ba CHUKKER Gran comida, gran ambiente, gran elecci\u00f3n Nuestro restaurante, con esp\u00edritu de campo argentino y est\u00e9tica polo-chic, ofrece una carta variada con sabores tradicionales y productos de estaci\u00f3n. Platos abundantes,\u00a0opciones vegetarianas, aptas para cel\u00edacos y unos dulces de leyenda. La carta se renueva [&hellip;]<\/p>\n","protected":false},"author":1,"featured_media":0,"parent":0,"menu_order":0,"comment_status":"closed","ping_status":"closed","template":"","meta":{"footnotes":""},"class_list":["post-498","page","type-page","status-publish","hentry"],"_links":{"self":[{"href":"https:\/\/estanciacandelaria.com\/pt\/wp-json\/wp\/v2\/pages\/498","targetHints":{"allow":["GET"]}}],"collection":[{"href":"https:\/\/estanciacandelaria.com\/pt\/wp-json\/wp\/v2\/pages"}],"about":[{"href":"https:\/\/estanciacandelaria.com\/pt\/wp-json\/wp\/v2\/types\/page"}],"author":[{"embeddable":true,"href":"https:\/\/estanciacandelaria.com\/pt\/wp-json\/wp\/v2\/users\/1"}],"replies":[{"embeddable":true,"href":"https:\/\/estanciacandelaria.com\/pt\/wp-json\/wp\/v2\/comments?post=498"}],"version-history":[{"count":13,"href":"https:\/\/estanciacandelaria.com\/pt\/wp-json\/wp\/v2\/pages\/498\/revisions"}],"predecessor-version":[{"id":761,"href":"https:\/\/estanciacandelaria.com\/pt\/wp-json\/wp\/v2\/pages\/498\/revisions\/761"}],"wp:attachment":[{"href":"https:\/\/estanciacandelaria.com\/pt\/wp-json\/wp\/v2\/media?parent=498"}],"curies":[{"name":"wp","href":"https:\/\/api.w.org\/{rel}","templated":true}]}}